{"id":15,"date":"2022-11-22T20:04:31","date_gmt":"2022-11-22T19:04:31","guid":{"rendered":"https:\/\/colibri-solutions.fr\/?page_id=15"},"modified":"2022-12-02T16:37:25","modified_gmt":"2022-12-02T15:37:25","slug":"accueil","status":"publish","type":"page","link":"https:\/\/colibri-solutions.fr\/","title":{"rendered":"Colibri : transformez la contrainte DSN en opportunit\u00e9 RH !"},"content":{"rendered":"\n<p class=\"has-medium-font-size\">Grace \u00e0 Colibri, r\u00e9pondez aux contraintes l\u00e9gales de publications de donn\u00e9es RH en exploitant vos fichiers DSN. Une solution rapide \u00e0 mettre en \u0153uvre, simple d&#8217;utilisation et fiable sur la qualit\u00e9 de donn\u00e9es.<\/p>\n\n\n\n<div class=\"wp-block-group\"><div class=\"wp-block-group__inner-container is-layout-constrained wp-block-group-is-layout-constrained\">\n<div class=\"wp-block-columns is-layout-flex wp-container-core-columns-is-layout-9d6595d7 wp-block-columns-is-layout-flex\">\n<div class=\"wp-block-column is-layout-flow wp-block-column-is-layout-flow\" style=\"flex-basis:100%\">\n<div class=\"wp-block-group\"><div class=\"wp-block-group__inner-container is-layout-constrained wp-block-group-is-layout-constrained\">\n<div class=\"wp-block-columns are-vertically-aligned-center has-medium-font-size is-layout-flex wp-container-core-columns-is-layout-9d6595d7 wp-block-columns-is-layout-flex\">\n<div class=\"wp-block-column is-vertically-aligned-center is-layout-flow wp-block-column-is-layout-flow\">\n<p class=\"has-text-align-left has-text-color\" style=\"color:#1d3f75\"><img loading=\"lazy\" decoding=\"async\" width=\"1200\" height=\"665\" class=\"wp-image-64\" style=\"width: 1200px;\" src=\"https:\/\/colibri-solutions.fr\/wp-content\/uploads\/2022\/11\/colibri-sumup.png\" alt=\"\" srcset=\"https:\/\/colibri-solutions.fr\/wp-content\/uploads\/2022\/11\/colibri-sumup.png 1579w, https:\/\/colibri-solutions.fr\/wp-content\/uploads\/2022\/11\/colibri-sumup-300x166.png 300w, https:\/\/colibri-solutions.fr\/wp-content\/uploads\/2022\/11\/colibri-sumup-1024x567.png 1024w, https:\/\/colibri-solutions.fr\/wp-content\/uploads\/2022\/11\/colibri-sumup-768x426.png 768w, https:\/\/colibri-solutions.fr\/wp-content\/uploads\/2022\/11\/colibri-sumup-1536x851.png 1536w, https:\/\/colibri-solutions.fr\/wp-content\/uploads\/2022\/11\/colibri-sumup-1000x554.png 1000w, https:\/\/colibri-solutions.fr\/wp-content\/uploads\/2022\/11\/colibri-sumup-230x127.png 230w, https:\/\/colibri-solutions.fr\/wp-content\/uploads\/2022\/11\/colibri-sumup-350x194.png 350w, https:\/\/colibri-solutions.fr\/wp-content\/uploads\/2022\/11\/colibri-sumup-480x266.png 480w\" sizes=\"auto, (max-width: 1200px) 100vw, 1200px\" \/><\/p>\n<\/div>\n<\/div>\n<\/div><\/div>\n<\/div>\n<\/div>\n<\/div><\/div>\n\n\n\n<div class=\"wp-block-columns is-layout-flex wp-container-core-columns-is-layout-9d6595d7 wp-block-columns-is-layout-flex\"><\/div>\n","protected":false},"excerpt":{"rendered":"<p>Grace \u00e0 Colibri, r\u00e9pondez aux contraintes l\u00e9gales de publications de donn\u00e9es RH en exploitant vos fichiers DSN. Une solution rapide \u00e0 mettre [&hellip;]<\/p>\n","protected":false},"author":2,"featured_media":8,"parent":0,"menu_order":0,"comment_status":"closed","ping_status":"closed","template":"page-templates\/page_fullwidth.php","meta":{"inline_featured_image":false,"footnotes":""},"class_list":["post-15","page","type-page","status-publish","has-post-thumbnail","hentry"],"yoast_head":"<!-- This site is optimized with the Yoast SEO plugin v20.1 - https:\/\/yoast.com\/wordpress\/plugins\/seo\/ -->\n<title>Colibri : transformez la contrainte DSN en opportunit\u00e9 RH ! - Colibri<\/title>\n<meta name=\"description\" content=\"Grace \u00e0 Colibri, r\u00e9pondez aux contraintes l\u00e9gales de publications de donn\u00e9es RH en exploitant vos fichiers DSN. Une solution rapide \u00e0 mettre en \u0153uvre, simple d\u2019utilisation et fiable sur la qualit\u00e9 de donn\u00e9es.\" \/>\n<meta name=\"robots\" content=\"index, follow, max-snippet:-1, max-image-preview:large, max-video-preview:-1\" \/>\n<link rel=\"canonical\" href=\"https:\/\/colibri-solutions.fr\/\" \/>\n<meta property=\"og:locale\" content=\"fr_FR\" \/>\n<meta property=\"og:type\" content=\"article\" \/>\n<meta property=\"og:title\" content=\"Colibri : transformez la contrainte DSN en opportunit\u00e9 RH ! - Colibri\" \/>\n<meta property=\"og:description\" content=\"Grace \u00e0 Colibri, r\u00e9pondez aux contraintes l\u00e9gales de publications de donn\u00e9es RH en exploitant vos fichiers DSN. Une solution rapide \u00e0 mettre en \u0153uvre, simple d\u2019utilisation et fiable sur la qualit\u00e9 de donn\u00e9es.\" \/>\n<meta property=\"og:url\" content=\"https:\/\/colibri-solutions.fr\/\" \/>\n<meta property=\"og:site_name\" content=\"Colibri\" \/>\n<meta property=\"article:modified_time\" content=\"2022-12-02T15:37:25+00:00\" \/>\n<meta name=\"twitter:card\" content=\"summary_large_image\" \/>\n<meta name=\"twitter:label1\" content=\"Dur\u00e9e de lecture estim\u00e9e\" \/>\n\t<meta name=\"twitter:data1\" content=\"1 minute\" \/>\n<script type=\"application\/ld+json\" class=\"yoast-schema-graph\">{\"@context\":\"https:\/\/schema.org\",\"@graph\":[{\"@type\":\"WebPage\",\"@id\":\"https:\/\/colibri-solutions.fr\/\",\"url\":\"https:\/\/colibri-solutions.fr\/\",\"name\":\"Colibri : transformez la contrainte DSN en opportunit\u00e9 RH ! - Colibri\",\"isPartOf\":{\"@id\":\"https:\/\/colibri-solutions.fr\/#website\"},\"datePublished\":\"2022-11-22T19:04:31+00:00\",\"dateModified\":\"2022-12-02T15:37:25+00:00\",\"description\":\"Grace \u00e0 Colibri, r\u00e9pondez aux contraintes l\u00e9gales de publications de donn\u00e9es RH en exploitant vos fichiers DSN. Une solution rapide \u00e0 mettre en \u0153uvre, simple d\u2019utilisation et fiable sur la qualit\u00e9 de donn\u00e9es.\",\"breadcrumb\":{\"@id\":\"https:\/\/colibri-solutions.fr\/#breadcrumb\"},\"inLanguage\":\"fr-FR\",\"potentialAction\":[{\"@type\":\"ReadAction\",\"target\":[\"https:\/\/colibri-solutions.fr\/\"]}]},{\"@type\":\"BreadcrumbList\",\"@id\":\"https:\/\/colibri-solutions.fr\/#breadcrumb\",\"itemListElement\":[{\"@type\":\"ListItem\",\"position\":1,\"name\":\"Accueil\",\"item\":\"https:\/\/colibri-solutions.fr\/\"},{\"@type\":\"ListItem\",\"position\":2,\"name\":\"Colibri : transformez la contrainte DSN en opportunit\u00e9 RH !\"}]},{\"@type\":\"WebSite\",\"@id\":\"https:\/\/colibri-solutions.fr\/#website\",\"url\":\"https:\/\/colibri-solutions.fr\/\",\"name\":\"Colibri\",\"description\":\"Votre compagnon RH\",\"publisher\":{\"@id\":\"https:\/\/colibri-solutions.fr\/#organization\"},\"potentialAction\":[{\"@type\":\"SearchAction\",\"target\":{\"@type\":\"EntryPoint\",\"urlTemplate\":\"https:\/\/colibri-solutions.fr\/?s={search_term_string}\"},\"query-input\":\"required name=search_term_string\"}],\"inLanguage\":\"fr-FR\"},{\"@type\":\"Organization\",\"@id\":\"https:\/\/colibri-solutions.fr\/#organization\",\"name\":\"Colibri\",\"url\":\"https:\/\/colibri-solutions.fr\/\",\"logo\":{\"@type\":\"ImageObject\",\"inLanguage\":\"fr-FR\",\"@id\":\"https:\/\/colibri-solutions.fr\/#\/schema\/logo\/image\/\",\"url\":\"https:\/\/colibri-solutions.fr\/wp-content\/uploads\/2022\/11\/colibri-logo.png\",\"contentUrl\":\"https:\/\/colibri-solutions.fr\/wp-content\/uploads\/2022\/11\/colibri-logo.png\",\"width\":653,\"height\":571,\"caption\":\"Colibri\"},\"image\":{\"@id\":\"https:\/\/colibri-solutions.fr\/#\/schema\/logo\/image\/\"}}]}<\/script>\n<!-- \/ Yoast SEO plugin. -->","yoast_head_json":{"title":"Colibri : transformez la contrainte DSN en opportunit\u00e9 RH ! - Colibri","description":"Grace \u00e0 Colibri, r\u00e9pondez aux contraintes l\u00e9gales de publications de donn\u00e9es RH en exploitant vos fichiers DSN. Une solution rapide \u00e0 mettre en \u0153uvre, simple d\u2019utilisation et fiable sur la qualit\u00e9 de donn\u00e9es.","robots":{"index":"index","follow":"follow","max-snippet":"max-snippet:-1","max-image-preview":"max-image-preview:large","max-video-preview":"max-video-preview:-1"},"canonical":"https:\/\/colibri-solutions.fr\/","og_locale":"fr_FR","og_type":"article","og_title":"Colibri : transformez la contrainte DSN en opportunit\u00e9 RH ! - Colibri","og_description":"Grace \u00e0 Colibri, r\u00e9pondez aux contraintes l\u00e9gales de publications de donn\u00e9es RH en exploitant vos fichiers DSN. Une solution rapide \u00e0 mettre en \u0153uvre, simple d\u2019utilisation et fiable sur la qualit\u00e9 de donn\u00e9es.","og_url":"https:\/\/colibri-solutions.fr\/","og_site_name":"Colibri","article_modified_time":"2022-12-02T15:37:25+00:00","twitter_card":"summary_large_image","twitter_misc":{"Dur\u00e9e de lecture estim\u00e9e":"1 minute"},"schema":{"@context":"https:\/\/schema.org","@graph":[{"@type":"WebPage","@id":"https:\/\/colibri-solutions.fr\/","url":"https:\/\/colibri-solutions.fr\/","name":"Colibri : transformez la contrainte DSN en opportunit\u00e9 RH ! - Colibri","isPartOf":{"@id":"https:\/\/colibri-solutions.fr\/#website"},"datePublished":"2022-11-22T19:04:31+00:00","dateModified":"2022-12-02T15:37:25+00:00","description":"Grace \u00e0 Colibri, r\u00e9pondez aux contraintes l\u00e9gales de publications de donn\u00e9es RH en exploitant vos fichiers DSN. Une solution rapide \u00e0 mettre en \u0153uvre, simple d\u2019utilisation et fiable sur la qualit\u00e9 de donn\u00e9es.","breadcrumb":{"@id":"https:\/\/colibri-solutions.fr\/#breadcrumb"},"inLanguage":"fr-FR","potentialAction":[{"@type":"ReadAction","target":["https:\/\/colibri-solutions.fr\/"]}]},{"@type":"BreadcrumbList","@id":"https:\/\/colibri-solutions.fr\/#breadcrumb","itemListElement":[{"@type":"ListItem","position":1,"name":"Accueil","item":"https:\/\/colibri-solutions.fr\/"},{"@type":"ListItem","position":2,"name":"Colibri : transformez la contrainte DSN en opportunit\u00e9 RH !"}]},{"@type":"WebSite","@id":"https:\/\/colibri-solutions.fr\/#website","url":"https:\/\/colibri-solutions.fr\/","name":"Colibri","description":"Votre compagnon RH","publisher":{"@id":"https:\/\/colibri-solutions.fr\/#organization"},"potentialAction":[{"@type":"SearchAction","target":{"@type":"EntryPoint","urlTemplate":"https:\/\/colibri-solutions.fr\/?s={search_term_string}"},"query-input":"required name=search_term_string"}],"inLanguage":"fr-FR"},{"@type":"Organization","@id":"https:\/\/colibri-solutions.fr\/#organization","name":"Colibri","url":"https:\/\/colibri-solutions.fr\/","logo":{"@type":"ImageObject","inLanguage":"fr-FR","@id":"https:\/\/colibri-solutions.fr\/#\/schema\/logo\/image\/","url":"https:\/\/colibri-solutions.fr\/wp-content\/uploads\/2022\/11\/colibri-logo.png","contentUrl":"https:\/\/colibri-solutions.fr\/wp-content\/uploads\/2022\/11\/colibri-logo.png","width":653,"height":571,"caption":"Colibri"},"image":{"@id":"https:\/\/colibri-solutions.fr\/#\/schema\/logo\/image\/"}}]}},"_links":{"self":[{"href":"https:\/\/colibri-solutions.fr\/index.php\/wp-json\/wp\/v2\/pages\/15","targetHints":{"allow":["GET"]}}],"collection":[{"href":"https:\/\/colibri-solutions.fr\/index.php\/wp-json\/wp\/v2\/pages"}],"about":[{"href":"https:\/\/colibri-solutions.fr\/index.php\/wp-json\/wp\/v2\/types\/page"}],"author":[{"embeddable":true,"href":"https:\/\/colibri-solutions.fr\/index.php\/wp-json\/wp\/v2\/users\/2"}],"replies":[{"embeddable":true,"href":"https:\/\/colibri-solutions.fr\/index.php\/wp-json\/wp\/v2\/comments?post=15"}],"version-history":[{"count":9,"href":"https:\/\/colibri-solutions.fr\/index.php\/wp-json\/wp\/v2\/pages\/15\/revisions"}],"predecessor-version":[{"id":76,"href":"https:\/\/colibri-solutions.fr\/index.php\/wp-json\/wp\/v2\/pages\/15\/revisions\/76"}],"wp:featuredmedia":[{"embeddable":true,"href":"https:\/\/colibri-solutions.fr\/index.php\/wp-json\/wp\/v2\/pages\/8"}],"wp:attachment":[{"href":"https:\/\/colibri-solutions.fr\/index.php\/wp-json\/wp\/v2\/media?parent=15"}],"curies":[{"name":"wp","href":"https:\/\/api.w.org\/{rel}","templated":true}]}}